{"id":84072,"date":"2026-01-19T13:27:17","date_gmt":"2026-01-19T12:27:17","guid":{"rendered":"https:\/\/dks.digital\/profesores-2\/"},"modified":"2026-01-21T10:25:34","modified_gmt":"2026-01-21T09:25:34","slug":"profesores","status":"publish","type":"page","link":"https:\/\/dks.digital\/mx\/profesores\/","title":{"rendered":"Profesores"},"content":{"rendered":"<link rel=\"preload\" href=\"https:\/\/dks.digital\/wp-content\/uploads\/2025\/10\/profesores_desktop.jpg\" as=\"image\"><link rel=\"preload\" href=\"https:\/\/dks.digital\/wp-content\/uploads\/2025\/10\/profesores_mobile.jpg\" as=\"image\"><section id=\"hero-simple\" class=\"hero-simple -text-white -bg-black\">\n  <picture class=\"hero-simple__bg\">\n    <!-- tatamiento horizontal -->\n    <source media=\"(orientation: landscape) and (min-width: 1024px)\" srcset=\"https:\/\/dks.digital\/wp-content\/uploads\/2025\/10\/profesores_desktop.jpg\">\n    <!-- tatamiento vertical -->\n    <img decoding=\"async\" class=\"hero-simple__img\" alt=\"Alt de la imagen\" title=\"Title de la imagen\" src=\"https:\/\/dks.digital\/wp-content\/uploads\/2025\/10\/profesores_mobile.jpg\" loading=\"eager\" fetchpriority=\"high\" data-identifier=\"hero-simple-image\">\n    <noscript>\n      <img decoding=\"async\" alt=\"Alt de la imagen\" title=\"Title de la imagen\" src=\"https:\/\/dks.digital\/wp-content\/uploads\/2025\/10\/profesores_mobile.jpg\" loading=\"eager\" fetchpriority=\"high\" data-identifier=\"hero-simple-image\">\n    <\/noscript>\n  <\/picture>\n\n  \n  <div class=\"container\">\n    <div class=\"hero-simple__content\">\n      <h1 class=\"hero-simple__title\">Profesores<\/h1>\n            <div class=\"hero-simple__wysiwyg\">\n        <p>Los mejores profesionales en activo del sector<\/p>\n      <\/div>\n    <\/div>\n  <\/div>\n<\/section>\n\n\n<section class=\"biography -bg-black\">\n  <div class=\"biography__inner container\">\n    <div class=\"biography__content\">\n              <h2 \n         \n          class=\"biography__title\">M\u00e1s de 340 profesores<\/h2>\n      \n              <div class=\"biography__text\">\n          <p>Uno de los valores fundamentales de DKS es la calidad de nuestros profesores \u00a1nos rodeamos de los mejores profesionales en activo del sector digital!<\/p>\n<p>Te transmitir\u00e1n lo que hacen en su d\u00eda a d\u00eda, los problemas a los que se enfrentan, sus soluciones, las herramientas con las que trabajan\u2026 Todo ello siguiendo nuestra filosof\u00eda de formaci\u00f3n LEAN con el objetivo de garantizar la m\u00e1xima especializaci\u00f3n y empleabilidad.<\/p>\n<p>En definitiva, te acercar\u00e1n lo m\u00e1ximo posible a la realidad del sector para que puedas incorporarte al mundo laboral lo antes posible.<\/p>\n        <\/div>\n          <\/div>\n\n          <div class=\"biography__photo\">\n        <img decoding=\"async\" src=\"https:\/\/dks.digital\/wp-content\/uploads\/2025\/10\/profesores-plp.jpg\" alt=\"\">\n      <\/div>\n      <\/div>\n<\/section>\n\n\n  <div style=\"padding:1rem; background:#fff3cd; border:1px solid #ffeeba; color:#856404;text-align:center\">\n    Vista previa del bloque de navegaci\u00f3n alfab\u00e9tica (A B C D E F G H I J &#8230;)\n  <\/div>\n\n\n\n\n<section class=\"list-teachers is-white\" id=\"letra-a\">\n  <div class=\"list-teachers__inner container\">\n    <h2 class=\"list-teachers__letter\">A<\/h2>\n\n    <div class=\"list-teachers__grid\">\n              <div class=\"teacher-card is-featured no-detail\">\n                      <div class=\"teacher-card__photo\"><img loading=\"lazy\" decoding=\"async\" width=\"200\" height=\"200\" src=\"https:\/\/dks.digital\/wp-content\/uploads\/2023\/06\/PROFE-PLAZA-14.png\" class=\"attachment-medium_large size-medium_large wp-post-image\" alt=\"\" srcset=\"https:\/\/dks.digital\/wp-content\/uploads\/2023\/06\/PROFE-PLAZA-14.png 200w, https:\/\/dks.digital\/wp-content\/uploads\/2023\/06\/PROFE-PLAZA-14-150x150.png 150w\" sizes=\"(max-width: 200px) 100vw, 200px\" \/><\/div>\n                    \n                    <div class=\"teacher-card__info\">\n            <h3 class=\"teacher-card__name\">Agust\u00edn Moya Colorado<\/h3>\n            <p class=\"teacher-card__position\">Senior Grant Management Expert. Project Management for Civil Society Organizations<\/p>          <\/div>\n        <\/div>\n              <div class=\"teacher-card is-featured no-detail\">\n                      <div class=\"teacher-card__photo\"><img loading=\"lazy\" decoding=\"async\" width=\"500\" height=\"500\" src=\"https:\/\/dks.digital\/wp-content\/uploads\/2024\/07\/1696231641076-photoaidcom-greyscale-removebg-preview.png\" class=\"attachment-medium_large size-medium_large wp-post-image\" alt=\"\" srcset=\"https:\/\/dks.digital\/wp-content\/uploads\/2024\/07\/1696231641076-photoaidcom-greyscale-removebg-preview.png 500w, https:\/\/dks.digital\/wp-content\/uploads\/2024\/07\/1696231641076-photoaidcom-greyscale-removebg-preview-300x300.png 300w, https:\/\/dks.digital\/wp-content\/uploads\/2024\/07\/1696231641076-photoaidcom-greyscale-removebg-preview-150x150.png 150w, https:\/\/dks.digital\/wp-content\/uploads\/2024\/07\/1696231641076-photoaidcom-greyscale-removebg-preview-256x256.png 256w\" sizes=\"(max-width: 500px) 100vw, 500px\" \/><\/div>\n                    \n                    <div class=\"teacher-card__info\">\n            <h3 class=\"teacher-card__name\">Adri\u00e1n G\u00f3mez<\/h3>\n            <p class=\"teacher-card__position\">Especialista Paid Media<\/p>          <\/div>\n        <\/div>\n              <div class=\"teacher-card no-detail\">\n                      <div class=\"teacher-card__photo\"><img loading=\"lazy\" decoding=\"async\" width=\"200\" height=\"200\" src=\"https:\/\/dks.digital\/wp-content\/uploads\/2023\/07\/PROFE-PLAZA-19.png\" class=\"attachment-medium_large size-medium_large wp-post-image\" alt=\"\" srcset=\"https:\/\/dks.digital\/wp-content\/uploads\/2023\/07\/PROFE-PLAZA-19.png 200w, https:\/\/dks.digital\/wp-content\/uploads\/2023\/07\/PROFE-PLAZA-19-150x150.png 150w\" sizes=\"(max-width: 200px) 100vw, 200px\" \/><\/div>\n                    \n                    <div class=\"teacher-card__info\">\n            <h3 class=\"teacher-card__name\">Abril Morillo<\/h3>\n            <p class=\"teacher-card__position\">Social Media Specialist en Elogia<\/p>          <\/div>\n        <\/div>\n              <div class=\"teacher-card no-detail\">\n                      <div class=\"teacher-card__photo\"><img loading=\"lazy\" decoding=\"async\" width=\"195\" height=\"196\" src=\"https:\/\/dks.digital\/wp-content\/uploads\/2024\/11\/agusti_acosta_gallego.jpg\" class=\"attachment-medium_large size-medium_large wp-post-image\" alt=\"\" \/><\/div>\n                    \n                      <div class=\"teacher-card__logo\">\n              <img decoding=\"async\" src=\"https:\/\/dks.digital\/wp-content\/uploads\/2024\/11\/descarga.png\" alt=\"\">\n            <\/div>\n                    <div class=\"teacher-card__info\">\n            <h3 class=\"teacher-card__name\">Agust\u00ed Acosta Gallego<\/h3>\n            <p class=\"teacher-card__position\">Director acad\u00e9mico<\/p>          <\/div>\n        <\/div>\n              <div class=\"teacher-card no-detail\">\n                      <div class=\"teacher-card__photo\"><img loading=\"lazy\" decoding=\"async\" width=\"300\" height=\"300\" src=\"https:\/\/dks.digital\/wp-content\/uploads\/2023\/06\/ainoa_guillen-2.jpg\" class=\"attachment-medium_large size-medium_large wp-post-image\" alt=\"\" srcset=\"https:\/\/dks.digital\/wp-content\/uploads\/2023\/06\/ainoa_guillen-2.jpg 300w, https:\/\/dks.digital\/wp-content\/uploads\/2023\/06\/ainoa_guillen-2-150x150.jpg 150w, https:\/\/dks.digital\/wp-content\/uploads\/2023\/06\/ainoa_guillen-2-256x256.jpg 256w\" sizes=\"(max-width: 300px) 100vw, 300px\" \/><\/div>\n                    \n                      <div class=\"teacher-card__logo\">\n              <img decoding=\"async\" src=\"https:\/\/dks.digital\/wp-content\/uploads\/2023\/06\/ACCENTURE-LOGO-e1745416237974.png\" alt=\"\">\n            <\/div>\n                    <div class=\"teacher-card__info\">\n            <h3 class=\"teacher-card__name\">Ainoa Guill\u00e9n<\/h3>\n            <p class=\"teacher-card__position\"> CTI Manager<\/p>          <\/div>\n        <\/div>\n              <div class=\"teacher-card no-detail\">\n                      <div class=\"teacher-card__photo\"><img loading=\"lazy\" decoding=\"async\" width=\"506\" height=\"493\" src=\"https:\/\/dks.digital\/wp-content\/uploads\/2023\/12\/Alan_Sastre-photoaidcom-greyscale-removebg-preview.png\" class=\"attachment-medium_large size-medium_large wp-post-image\" alt=\"\" srcset=\"https:\/\/dks.digital\/wp-content\/uploads\/2023\/12\/Alan_Sastre-photoaidcom-greyscale-removebg-preview.png 506w, https:\/\/dks.digital\/wp-content\/uploads\/2023\/12\/Alan_Sastre-photoaidcom-greyscale-removebg-preview-300x292.png 300w\" sizes=\"(max-width: 506px) 100vw, 506px\" \/><\/div>\n                    \n                      <div class=\"teacher-card__logo\">\n              <img decoding=\"async\" src=\"https:\/\/dks.digital\/wp-content\/uploads\/2023\/12\/certidevps.png\" alt=\"\">\n            <\/div>\n                    <div class=\"teacher-card__info\">\n            <h3 class=\"teacher-card__name\">Alan Sastre<\/h3>\n            <p class=\"teacher-card__position\"> CEO y formador Frontend, Backend y Ciencia de datos e IA Generativa<\/p>          <\/div>\n        <\/div>\n              <div class=\"teacher-card no-detail\">\n                      <div class=\"teacher-card__photo\"><img loading=\"lazy\" decoding=\"async\" width=\"200\" height=\"200\" src=\"https:\/\/dks.digital\/wp-content\/uploads\/2023\/07\/1687172801126-9.png\" class=\"attachment-medium_large size-medium_large wp-post-image\" alt=\"\" srcset=\"https:\/\/dks.digital\/wp-content\/uploads\/2023\/07\/1687172801126-9.png 200w, https:\/\/dks.digital\/wp-content\/uploads\/2023\/07\/1687172801126-9-150x150.png 150w\" sizes=\"(max-width: 200px) 100vw, 200px\" \/><\/div>\n                    \n                      <div class=\"teacher-card__logo\">\n              <img decoding=\"async\" src=\"https:\/\/dks.digital\/wp-content\/uploads\/2023\/07\/decada.png\" alt=\"\">\n            <\/div>\n                    <div class=\"teacher-card__info\">\n            <h3 class=\"teacher-card__name\">Alba Castellet<\/h3>\n            <p class=\"teacher-card__position\">CEO &amp; Co-founder en D\u00e9cada<\/p>          <\/div>\n        <\/div>\n              <div class=\"teacher-card no-detail\">\n                      <div class=\"teacher-card__photo\"><img loading=\"lazy\" decoding=\"async\" width=\"200\" height=\"200\" src=\"https:\/\/dks.digital\/wp-content\/uploads\/2023\/12\/Alba-photoaidcom-greyscale.jpg\" class=\"attachment-medium_large size-medium_large wp-post-image\" alt=\"\" \/><\/div>\n                    \n                      <div class=\"teacher-card__logo\">\n              <img decoding=\"async\" src=\"https:\/\/dks.digital\/wp-content\/uploads\/2023\/02\/google-1.svg\" alt=\"\">\n            <\/div>\n                    <div class=\"teacher-card__info\">\n            <h3 class=\"teacher-card__name\">Alba D\u00edaz Cabrerizo<\/h3>\n            <p class=\"teacher-card__position\">Performance Specialist<\/p>          <\/div>\n        <\/div>\n              <div class=\"teacher-card no-detail\">\n                      <div class=\"teacher-card__photo\"><img loading=\"lazy\" decoding=\"async\" width=\"300\" height=\"300\" src=\"https:\/\/dks.digital\/wp-content\/uploads\/2022\/01\/alba_iniesta-1-1.jpg\" class=\"attachment-medium_large size-medium_large wp-post-image\" alt=\"\" srcset=\"https:\/\/dks.digital\/wp-content\/uploads\/2022\/01\/alba_iniesta-1-1.jpg 300w, https:\/\/dks.digital\/wp-content\/uploads\/2022\/01\/alba_iniesta-1-1-150x150.jpg 150w, https:\/\/dks.digital\/wp-content\/uploads\/2022\/01\/alba_iniesta-1-1-256x256.jpg 256w\" sizes=\"(max-width: 300px) 100vw, 300px\" \/><\/div>\n                    \n                      <div class=\"teacher-card__logo\">\n              <img decoding=\"async\" src=\"https:\/\/dks.digital\/wp-content\/uploads\/2022\/01\/Scopely_Logo_2022.png\" alt=\"\">\n            <\/div>\n                    <div class=\"teacher-card__info\">\n            <h3 class=\"teacher-card__name\">Alba Iniesta<\/h3>\n            <p class=\"teacher-card__position\">SR Game designer en Scopely<\/p>          <\/div>\n        <\/div>\n              <div class=\"teacher-card no-detail\">\n                      <div class=\"teacher-card__photo\"><img loading=\"lazy\" decoding=\"async\" width=\"300\" height=\"300\" src=\"https:\/\/dks.digital\/wp-content\/uploads\/2024\/07\/Albert-Berlanga-1-1-removebg-preview.png\" class=\"attachment-medium_large size-medium_large wp-post-image\" alt=\"\" srcset=\"https:\/\/dks.digital\/wp-content\/uploads\/2024\/07\/Albert-Berlanga-1-1-removebg-preview.png 300w, https:\/\/dks.digital\/wp-content\/uploads\/2024\/07\/Albert-Berlanga-1-1-removebg-preview-150x150.png 150w, https:\/\/dks.digital\/wp-content\/uploads\/2024\/07\/Albert-Berlanga-1-1-removebg-preview-256x256.png 256w\" sizes=\"(max-width: 300px) 100vw, 300px\" \/><\/div>\n                    \n                      <div class=\"teacher-card__logo\">\n              <img decoding=\"async\" src=\"https:\/\/dks.digital\/wp-content\/uploads\/2021\/11\/logo_internectia_1.png\" alt=\"\">\n            <\/div>\n                    <div class=\"teacher-card__info\">\n            <h3 class=\"teacher-card__name\">Albert Berlanga<\/h3>\n            <p class=\"teacher-card__position\">Search Engine Marketing Specialist<\/p>          <\/div>\n        <\/div>\n          <\/div>\n  <\/div>\n<\/section>\n\n","protected":false},"excerpt":{"rendered":"","protected":false},"author":542,"featured_media":0,"parent":0,"menu_order":0,"comment_status":"closed","ping_status":"closed","template":"template-bloques.php","meta":{"_acf_changed":false,"footnotes":""},"acf":[],"yoast_head":"<!-- This site is optimized with the Yoast SEO plugin v22.5 - https:\/\/yoast.com\/wordpress\/plugins\/seo\/ -->\n<title>Profesores - DKS, tu centro de estudios especializado en internet<\/title>\n<link rel=\"canonical\" href=\"https:\/\/dks.digital\/mx\/profesores\/\" \/>\n<meta property=\"og:locale\" content=\"es_ES\" \/>\n<meta property=\"og:type\" content=\"article\" \/>\n<meta property=\"og:title\" content=\"Profesores - DKS, tu centro de estudios especializado en internet\" \/>\n<meta property=\"og:url\" content=\"https:\/\/dks.digital\/mx\/profesores\/\" \/>\n<meta property=\"og:site_name\" content=\"DKS, tu centro de estudios especializado en internet\" \/>\n<meta property=\"article:modified_time\" content=\"2026-01-21T09:25:34+00:00\" \/>\n<meta name=\"twitter:card\" content=\"summary_large_image\" \/>\n<script type=\"application\/ld+json\" class=\"yoast-schema-graph\">{\"@context\":\"https:\/\/schema.org\",\"@graph\":[{\"@type\":\"WebPage\",\"@id\":\"https:\/\/dks.digital\/mx\/profesores\/\",\"url\":\"https:\/\/dks.digital\/mx\/profesores\/\",\"name\":\"Profesores - DKS, tu centro de estudios especializado en internet\",\"isPartOf\":{\"@id\":\"https:\/\/dks.digital\/mx\/#website\"},\"datePublished\":\"2026-01-19T12:27:17+00:00\",\"dateModified\":\"2026-01-21T09:25:34+00:00\",\"inLanguage\":\"es-MX\",\"potentialAction\":[{\"@type\":\"ReadAction\",\"target\":[\"https:\/\/dks.digital\/mx\/profesores\/\"]}]},{\"@type\":\"WebSite\",\"@id\":\"https:\/\/dks.digital\/mx\/#website\",\"url\":\"https:\/\/dks.digital\/mx\/\",\"name\":\"DKS, tu centro de estudios especializado en internet\",\"description\":\"DKS, la escuela de los profesionales digitales desde hace m\u00e1s de 7 a\u00f1os\",\"publisher\":{\"@id\":\"https:\/\/dks.digital\/mx\/#organization\"},\"potentialAction\":[{\"@type\":\"SearchAction\",\"target\":{\"@type\":\"EntryPoint\",\"urlTemplate\":\"https:\/\/dks.digital\/mx\/?s={search_term_string}\"},\"query-input\":\"required name=search_term_string\"}],\"inLanguage\":\"es-MX\"},{\"@type\":\"Organization\",\"@id\":\"https:\/\/dks.digital\/mx\/#organization\",\"name\":\"DKS, tu centro de estudios especializado en internet\",\"url\":\"https:\/\/dks.digital\/mx\/\",\"logo\":{\"@type\":\"ImageObject\",\"inLanguage\":\"es-MX\",\"@id\":\"https:\/\/dks.digital\/mx\/#\/schema\/logo\/image\/\",\"url\":\"https:\/\/dks.digital\/wp-content\/uploads\/2025\/12\/cropped-cropped-favicon-ks.jpg\",\"contentUrl\":\"https:\/\/dks.digital\/wp-content\/uploads\/2025\/12\/cropped-cropped-favicon-ks.jpg\",\"width\":512,\"height\":512,\"caption\":\"DKS, tu centro de estudios especializado en internet\"},\"image\":{\"@id\":\"https:\/\/dks.digital\/mx\/#\/schema\/logo\/image\/\"}}]}<\/script>\n<!-- \/ Yoast SEO plugin. -->","yoast_head_json":{"title":"Profesores - DKS, tu centro de estudios especializado en internet","canonical":"https:\/\/dks.digital\/mx\/profesores\/","og_locale":"es_ES","og_type":"article","og_title":"Profesores - DKS, tu centro de estudios especializado en internet","og_url":"https:\/\/dks.digital\/mx\/profesores\/","og_site_name":"DKS, tu centro de estudios especializado en internet","article_modified_time":"2026-01-21T09:25:34+00:00","twitter_card":"summary_large_image","schema":{"@context":"https:\/\/schema.org","@graph":[{"@type":"WebPage","@id":"https:\/\/dks.digital\/mx\/profesores\/","url":"https:\/\/dks.digital\/mx\/profesores\/","name":"Profesores - DKS, tu centro de estudios especializado en internet","isPartOf":{"@id":"https:\/\/dks.digital\/mx\/#website"},"datePublished":"2026-01-19T12:27:17+00:00","dateModified":"2026-01-21T09:25:34+00:00","inLanguage":"es-MX","potentialAction":[{"@type":"ReadAction","target":["https:\/\/dks.digital\/mx\/profesores\/"]}]},{"@type":"WebSite","@id":"https:\/\/dks.digital\/mx\/#website","url":"https:\/\/dks.digital\/mx\/","name":"DKS, tu centro de estudios especializado en internet","description":"DKS, la escuela de los profesionales digitales desde hace m\u00e1s de 7 a\u00f1os","publisher":{"@id":"https:\/\/dks.digital\/mx\/#organization"},"potentialAction":[{"@type":"SearchAction","target":{"@type":"EntryPoint","urlTemplate":"https:\/\/dks.digital\/mx\/?s={search_term_string}"},"query-input":"required name=search_term_string"}],"inLanguage":"es-MX"},{"@type":"Organization","@id":"https:\/\/dks.digital\/mx\/#organization","name":"DKS, tu centro de estudios especializado en internet","url":"https:\/\/dks.digital\/mx\/","logo":{"@type":"ImageObject","inLanguage":"es-MX","@id":"https:\/\/dks.digital\/mx\/#\/schema\/logo\/image\/","url":"https:\/\/dks.digital\/wp-content\/uploads\/2025\/12\/cropped-cropped-favicon-ks.jpg","contentUrl":"https:\/\/dks.digital\/wp-content\/uploads\/2025\/12\/cropped-cropped-favicon-ks.jpg","width":512,"height":512,"caption":"DKS, tu centro de estudios especializado en internet"},"image":{"@id":"https:\/\/dks.digital\/mx\/#\/schema\/logo\/image\/"}}]}},"_links":{"self":[{"href":"https:\/\/dks.digital\/mx\/wp-json\/wp\/v2\/pages\/84072"}],"collection":[{"href":"https:\/\/dks.digital\/mx\/wp-json\/wp\/v2\/pages"}],"about":[{"href":"https:\/\/dks.digital\/mx\/wp-json\/wp\/v2\/types\/page"}],"author":[{"embeddable":true,"href":"https:\/\/dks.digital\/mx\/wp-json\/wp\/v2\/users\/542"}],"replies":[{"embeddable":true,"href":"https:\/\/dks.digital\/mx\/wp-json\/wp\/v2\/comments?post=84072"}],"version-history":[{"count":1,"href":"https:\/\/dks.digital\/mx\/wp-json\/wp\/v2\/pages\/84072\/revisions"}],"predecessor-version":[{"id":84076,"href":"https:\/\/dks.digital\/mx\/wp-json\/wp\/v2\/pages\/84072\/revisions\/84076"}],"wp:attachment":[{"href":"https:\/\/dks.digital\/mx\/wp-json\/wp\/v2\/media?parent=84072"}],"curies":[{"name":"wp","href":"https:\/\/api.w.org\/{rel}","templated":true}]}}